{"id":9,"date":"2015-05-13T07:43:48","date_gmt":"2015-05-13T11:43:48","guid":{"rendered":"http:\/\/armanbegoyan.com\/?page_id=9"},"modified":"2025-12-14T13:45:51","modified_gmt":"2025-12-14T09:45:51","slug":"therapy","status":"publish","type":"page","link":"https:\/\/armanbegoyan.com\/pl\/therapy\/","title":{"rendered":"KONSULTACJE PSYCHOLOGICZNE I PSYCHOTERAPIA"},"content":{"rendered":"<p><\/p>\n<p style=\"text-align: justify;\">Oferuj\u0119 \u00a0stacjonarn\u0119\u00a0konsultacje i\u00a0psychoterapi\u0119 indywidualne, grupowe, parowe i rodzinne,\u00a0oraz\u00a0konsultacje i psychoterapi\u0119 online. Wszystkie spotkania s\u0105 \u015bci\u015ble poufne. Moje biuro znajduje si\u0119 w centrum Erywania. Oferuj\u0119 us\u0142ugi psychoterapeutyczne w j\u0119zyku Ormia\u0144skim, Angielskim, Polskim i Rosyjskim.<\/p>\n<p style=\"text-align: justify;\">W\u00a0przypadku pyta\u0144 lub\u00a0dla um\u00f3wienia wizyty prosz\u0119 <a href=\"https:\/\/armanbegoyan.com\/contact\/\" target=\"_blank\" rel=\"noopener\">napisa\u0107<\/a>\u00a0albo <a href=\"https:\/\/armanbegoyan.com\/contact\/\" target=\"_blank\" rel=\"noopener\">zadzwo\u0144i\u0107<\/a> do mnie. Jak r\u00f3wnie\u017c mo\u017cna\u00a0skorzysta\u0107 z elektronicznego formularza rejestracji poni\u017cej.<\/p>\n<h4>Specjalizacje obejmuj\u0105:<\/h4>\n<ul>\n<li>L\u0119ki, fobie i l\u0119ki (GAD, PD, SAD, agorafobia);<\/li>\n<li>Obsesje i kompulsje (OCD);<\/li>\n<li>Stres i trauma (ASD, PTSD);<\/li>\n<li>Depresja (zaburzenia depresyjne);<\/li>\n<li>Zarz\u0105dzanie gniewem;<\/li>\n<li>Patologiczny hazard;<\/li>\n<li>Obawy komunikacyjne.<\/li>\n<\/ul>\n<h4>Modalno\u015bci:<\/h4>\n<ul>\n<li><a href=\"https:\/\/beckinstitute.org\/get-informed\/what-is-cognitive-therapy\/\" target=\"_blank\" rel=\"noopener\">Cognitive Behavioural Therapy<\/a><\/li>\n<li><a href=\"https:\/\/emdr-europe.org\/about\/what-is-emdr\/\" target=\"_blank\" rel=\"noopener\">EMDR<\/a><\/li>\n<\/ul>\n\r\n\t<div class=\"slideshow_container slideshow_container_style-light\" style=\"height: 600px; \" data-slideshow-id=\"2811\" data-style-name=\"style-light\" data-style-version=\"2.3.1\" >\r\n\r\n\t\t\t\t\t<div class=\"slideshow_loading_icon\"><\/div>\r\n\t\t\r\n\t\t<div class=\"slideshow_content\" style=\"display: none;\">\r\n\r\n\t\t\t<div class=\"slideshow_view\">\r\n\t\t\t\t<div class=\"slideshow_slide slideshow_slide_image\">\r\n\t\t\t\t\t\t\t\t\t\t\t<img src=\"https:\/\/armanbegoyan.com\/wp-content\/uploads\/2021\/11\/Hilfmann_Office_6.jpg\" alt=\"Hilfmann_Office_6\" width=\"4896\" height=\"3264\" \/>\r\n\t\t\t\t\t\t\t\t\t\t<div class=\"slideshow_description_box slideshow_transparent\">\r\n\t\t\t\t\t\t\t\t\t\t\t\t\t\t\t\t\t<\/div>\r\n\t\t\t\t<\/div>\r\n\r\n\t\t\t\t\t\t<div style=\"clear: both;\"><\/div><\/div><div class=\"slideshow_view\">\r\n\t\t\t\t<div class=\"slideshow_slide slideshow_slide_image\">\r\n\t\t\t\t\t\t\t\t\t\t\t<img src=\"https:\/\/armanbegoyan.com\/wp-content\/uploads\/2021\/11\/Hilfmann_Office_5.jpg\" alt=\"Hilfmann_Office_5\" width=\"4896\" height=\"3264\" \/>\r\n\t\t\t\t\t\t\t\t\t\t<div class=\"slideshow_description_box slideshow_transparent\">\r\n\t\t\t\t\t\t\t\t\t\t\t\t\t\t\t\t\t<\/div>\r\n\t\t\t\t<\/div>\r\n\r\n\t\t\t\t\t\t<div style=\"clear: both;\"><\/div><\/div><div class=\"slideshow_view\">\r\n\t\t\t\t<div class=\"slideshow_slide slideshow_slide_image\">\r\n\t\t\t\t\t\t\t\t\t\t\t<img src=\"https:\/\/armanbegoyan.com\/wp-content\/uploads\/2021\/11\/Hilfmann_Office_4.jpg\" alt=\"Hilfmann_Office_4\" width=\"4896\" height=\"3264\" \/>\r\n\t\t\t\t\t\t\t\t\t\t<div class=\"slideshow_description_box slideshow_transparent\">\r\n\t\t\t\t\t\t\t\t\t\t\t\t\t\t\t\t\t<\/div>\r\n\t\t\t\t<\/div>\r\n\r\n\t\t\t\t\t\t<div style=\"clear: both;\"><\/div><\/div><div class=\"slideshow_view\">\r\n\t\t\t\t<div class=\"slideshow_slide slideshow_slide_image\">\r\n\t\t\t\t\t\t\t\t\t\t\t<img src=\"https:\/\/armanbegoyan.com\/wp-content\/uploads\/2021\/11\/Hilfmann_Office_3.jpg\" alt=\"Hilfmann_Office_3\" width=\"4896\" height=\"3264\" \/>\r\n\t\t\t\t\t\t\t\t\t\t<div class=\"slideshow_description_box slideshow_transparent\">\r\n\t\t\t\t\t\t\t\t\t\t\t\t\t\t\t\t\t<\/div>\r\n\t\t\t\t<\/div>\r\n\r\n\t\t\t\t\t\t<div style=\"clear: both;\"><\/div><\/div><div class=\"slideshow_view\">\r\n\t\t\t\t<div class=\"slideshow_slide slideshow_slide_image\">\r\n\t\t\t\t\t\t\t\t\t\t\t<img src=\"https:\/\/armanbegoyan.com\/wp-content\/uploads\/2021\/11\/Hilfmann_Office_2.jpg\" alt=\"Hilfmann_Office_2\" width=\"4896\" height=\"3264\" \/>\r\n\t\t\t\t\t\t\t\t\t\t<div class=\"slideshow_description_box slideshow_transparent\">\r\n\t\t\t\t\t\t\t\t\t\t\t\t\t\t\t\t\t<\/div>\r\n\t\t\t\t<\/div>\r\n\r\n\t\t\t\t\t\t<div style=\"clear: both;\"><\/div><\/div><div class=\"slideshow_view\">\r\n\t\t\t\t<div class=\"slideshow_slide slideshow_slide_image\">\r\n\t\t\t\t\t\t\t\t\t\t\t<img src=\"https:\/\/armanbegoyan.com\/wp-content\/uploads\/2021\/11\/Hilfmann_Office_1.jpg\" alt=\"Hilfmann_Office_1\" width=\"4896\" height=\"3264\" \/>\r\n\t\t\t\t\t\t\t\t\t\t<div class=\"slideshow_description_box slideshow_transparent\">\r\n\t\t\t\t\t\t\t\t\t\t\t\t\t\t\t\t\t<\/div>\r\n\t\t\t\t<\/div>\r\n\r\n\t\t\t\t\t\t<div style=\"clear: both;\"><\/div><\/div>\r\n\t\t<\/div>\r\n\r\n\t\t<div class=\"slideshow_controlPanel slideshow_transparent\" style=\"display: none;\"><ul><li class=\"slideshow_togglePlay\" data-play-text=\"Play\" data-pause-text=\"Pause\"><\/li><\/ul><\/div>\r\n\r\n\t\t<div class=\"slideshow_button slideshow_previous slideshow_transparent\" role=\"button\" data-previous-text=\"Previous\" style=\"display: none;\"><\/div>\r\n\t\t<div class=\"slideshow_button slideshow_next slideshow_transparent\" role=\"button\" data-next-text=\"Next\" style=\"display: none;\"><\/div>\r\n\r\n\t\t<div class=\"slideshow_pagination\" style=\"display: none;\" data-go-to-text=\"Go to slide\"><div class=\"slideshow_pagination_center\"><\/div><\/div>\r\n\r\n\t\t<!-- WordPress Slideshow Version 2.3.1 -->\r\n\r\n\t\t\t<\/div>\r\n\r\n\n<blockquote><p>Akceptuj\u0119 i w mojej prac\u0119 profesjonalnej\u00a0kieruj\u0119 si\u0119 <a href=\"http:\/\/www.apa.org\/ethics\/code\/index.aspx?item=1\" target=\"_blank\" rel=\"noopener\">Zasadami etycznymi i kodeksu post\u0119powania psycholog\u00f3w<\/a>\u00a0<a href=\"http:\/\/apa.org\/\" target=\"_blank\" rel=\"noopener\">APA<\/a>,\u00a0<a href=\"http:\/\/www.psychoterapia-polska.org\/kodeks-etyczny-pfp\" target=\"_blank\" rel=\"noopener\">Kodeksem Etycznym<\/a>\u00a0<a href=\"http:\/\/www.psychoterapia-polska.org\/\" target=\"_blank\" rel=\"noopener\">PFP<\/a>,\u00a0oraz <a href=\"https:\/\/www.europsyche.org\/quality-standards\/eap-guidelines\/statement-of-ethical-principles\/\" target=\"_blank\" rel=\"noopener\">Deklaracj\u0105 o zasadach etycznych<\/a>\u00a0<a href=\"http:\/\/www.europsyche.org\/\" target=\"_blank\" rel=\"noopener\">EAP<\/a>.<\/p><\/blockquote>\n<h4><a href=\"https:\/\/wa.me\/37455550911\" target=\"_blank\" rel=\"noopener\">Zarejestruj si\u0119 na spotkanie<\/a><\/h4>\n<p><\/p>","protected":false},"excerpt":{"rendered":"<p>Oferuj\u0119 \u00a0stacjonarn\u0119\u00a0konsultacje i\u00a0psychoterapi\u0119 indywidualne, grupowe, parowe i rodzinne,\u00a0oraz\u00a0konsultacje i psychoterapi\u0119 online. Wszystkie spotkania s\u0105 \u015bci\u015ble poufne. Moje biuro znajduje si\u0119 w centrum Erywania. Oferuj\u0119 us\u0142ugi psychoterapeutyczne w j\u0119zyku Ormia\u0144skim, Angielskim, Polskim i Rosyjskim. W\u00a0przypadku pyta\u0144 lub\u00a0dla um\u00f3wienia wizyty prosz\u0119 napisa\u0107\u00a0albo<\/p>\n","protected":false},"author":2,"featured_media":2818,"parent":0,"menu_order":0,"comment_status":"closed","ping_status":"closed","template":"","meta":{"footnotes":""},"class_list":["post-9","page","type-page","status-publish","has-post-thumbnail","hentry"],"_links":{"self":[{"href":"https:\/\/armanbegoyan.com\/pl\/wp-json\/wp\/v2\/pages\/9","targetHints":{"allow":["GET"]}}],"collection":[{"href":"https:\/\/armanbegoyan.com\/pl\/wp-json\/wp\/v2\/pages"}],"about":[{"href":"https:\/\/armanbegoyan.com\/pl\/wp-json\/wp\/v2\/types\/page"}],"author":[{"embeddable":true,"href":"https:\/\/armanbegoyan.com\/pl\/wp-json\/wp\/v2\/users\/2"}],"replies":[{"embeddable":true,"href":"https:\/\/armanbegoyan.com\/pl\/wp-json\/wp\/v2\/comments?post=9"}],"version-history":[{"count":99,"href":"https:\/\/armanbegoyan.com\/pl\/wp-json\/wp\/v2\/pages\/9\/revisions"}],"predecessor-version":[{"id":3390,"href":"https:\/\/armanbegoyan.com\/pl\/wp-json\/wp\/v2\/pages\/9\/revisions\/3390"}],"wp:featuredmedia":[{"embeddable":true,"href":"https:\/\/armanbegoyan.com\/pl\/wp-json\/wp\/v2\/media\/2818"}],"wp:attachment":[{"href":"https:\/\/armanbegoyan.com\/pl\/wp-json\/wp\/v2\/media?parent=9"}],"curies":[{"name":"wp","href":"https:\/\/api.w.org\/{rel}","templated":true}]}}