{"id":7,"date":"2015-05-13T07:43:24","date_gmt":"2015-05-13T11:43:24","guid":{"rendered":"http:\/\/armanbegoyan.com\/?page_id=7"},"modified":"2025-12-14T13:11:47","modified_gmt":"2025-12-14T09:11:47","slug":"about","status":"publish","type":"page","link":"https:\/\/armanbegoyan.com\/pl\/about\/","title":{"rendered":"O MNIE"},"content":{"rendered":"<p><span class=\"auto-style6\"><img loading=\"lazy\" decoding=\"async\" class=\"alignright wp-image-3268\" src=\"https:\/\/armanbegoyan.com\/wp-content\/uploads\/2024\/11\/Arman_Begoyan_About_Website.jpg\" alt=\"\" width=\"500\" height=\"422\" srcset=\"https:\/\/armanbegoyan.com\/wp-content\/uploads\/2024\/11\/Arman_Begoyan_About_Website.jpg 928w, https:\/\/armanbegoyan.com\/wp-content\/uploads\/2024\/11\/Arman_Begoyan_About_Website-300x253.jpg 300w, https:\/\/armanbegoyan.com\/wp-content\/uploads\/2024\/11\/Arman_Begoyan_About_Website-768x648.jpg 768w\" sizes=\"auto, (max-width: 500px) 100vw, 500px\" \/><\/span>Cze\u015b\u0107,<\/p>\n<p>Jestem\u00a0Arman Begoyan. Jestem psychologiem\u00a0<span class=\"auto-style64\"><a class=\"auto-style37\" title=\"What is PsyS?\" href=\"http:\/\/en.wikipedia.org\/wiki\/Specialist_degree\" target=\"_blank\" rel=\"noopener\">(PsySD)<\/a>\u00a0<\/span>\u00a0i certyfikowanym psychotherapeut\u0105\u00a0<a href=\"https:\/\/ecp.europsyche.org\/wstore\/memberServlet\" target=\"_blank\" rel=\"noopener\">(European Certificate of Psychotherapy &#8211; ECP)<\/a>, superwizorem i trenerem. Jestem cz\u0142onkiem\u00a0zagranicznym\u00a0<a class=\"auto-style61\" title=\"APA official website\" href=\"http:\/\/www.apa.org\" target=\"_blank\" rel=\"noopener\">Ameryka\u0144skiego Stowarzyszenia Psychologicznego<\/a>,\u00a0cz\u0142onkiem\u00a0zwyczajnym\u00a0<a class=\"auto-style61\" title=\"PFP official website\" href=\"http:\/\/www.psychoterapia-polska.org\/\" target=\"_blank\" rel=\"noopener\">Polskiej Federacji Psychoterapii<\/a>, wsp\u00f3\u0142za\u0142o\u017cyciel <a href=\"http:\/\/emdr.am\" target=\"_blank\" rel=\"noopener\">Ormia\u0144skiego Stowarzyszenia Psychoterapeut\u00f3w EMDR<\/a>, Wiceprezes i Wsp\u00f3\u0142za\u0142o\u017cyciel <a href=\"https:\/\/www.facebook.com\/arseacbt\" target=\"_blank\" rel=\"noopener\">Ormia\u0144skiego Naukowo-Edukacyjnego Stowarzyszenia Terapii Poznawczo-Behawioralnej (ArSEA CBT)<\/a>, g\u0142\u00f3wnym specjalist\u0105<span class=\"auto-style58\">\u00a0<a class=\"auto-style61\" title=\"Hilfmann Psychological Services official website\" href=\"https:\/\/services.hilfmann.com\/\" target=\"_blank\" rel=\"noopener\">Hilfmann Psychological Services.<\/a><\/span><\/p>\n<p>Opr\u00f3cz pracy indywidualnej regularnie prowadz\u0119 warsztaty, superwizj\u0119 zawodow\u0105 oraz konsultacje psychologiczne dla organizacji, g\u0142\u00f3wnie w sektorze technologicznym i IT, koncentruj\u0105c si\u0119 na podejmowaniu decyzji pod presj\u0105, regulacji emocjonalnej, zapobieganiu wypaleniu zawodowemu oraz zr\u00f3wnowa\u017conej efektywno\u015bci.<\/p>\n<p>J\u0119zyki: Polski, Ormia\u0144ski, Angielski i Rosyjski.<\/p>\n<h4>Zainteresowania badawcze<\/h4>\n<p>MojeMoje g\u0142\u00f3wne zainteresowania badawcze to neurobiologia i psychoterapia zaburze\u0144 l\u0119kowych, zaburze\u0144 zwi\u0105zanych urazami i stresem; psychoterapia hazardu; Bayesowskie podej\u015bcie do biologicznych system\u00f3w kognitywnych. Jestem autorem i wsp\u00f3\u0142autorem ponad <a href=\"https:\/\/armanbegoyan.com\/library\/papers\/\" target=\"_blank\" rel=\"noopener\">50\u00a0artyku\u0142\u00f3w naukowych<\/a> i\u00a0<a href=\"https:\/\/armanbegoyan.com\/library\/\" target=\"_blank\" rel=\"noopener\">9\u00a0ksi\u0105\u017cek<\/a> z zakresu psychologii osobowo\u015bci, psychosemantyki, psychologii klinicznej i psychoterapii.<\/p>\n<h4>Zainteresowania kliniczne<\/h4>\n<p><span class=\"auto-style58\">Moje zainteresowania kliniczne to <a href=\"https:\/\/beckinstitute.org\/get-informed\/what-is-cognitive-therapy\/\" target=\"_blank\" rel=\"noopener\">terapia poznawczo-behawioralna<\/a> a <a href=\"https:\/\/emdr-europe.org\/about\/what-is-emdr\/\" target=\"_blank\" rel=\"noopener\">EMDR<\/a>. Jestem psychoterapeut\u0105 pracuj\u0105cym w nurcie terapii poznawczo-behawioralnej.<\/span><\/p>\n<h4>Wykszta\u0142cenie<\/h4>\n<p>Uko\u0144czy\u0142em studia psychologi\u0119\u00a0<a class=\"auto-style61\" title=\"Armenian State Pedagogical University official website\" href=\"http:\/\/aspu.am\/\" target=\"_blank\" rel=\"noopener\">Pa\u0144stwowym uniwersytecie\u00a0pedagogicznem\u00a0im.\u00a0Kh. Abovyana<\/a>\u00a0(dyplom z wyr\u00f3\u017cnieniem) (<a class=\"auto-style37\" title=\"What is PsyS?\" href=\"http:\/\/en.wikipedia.org\/wiki\/Specialist_degree\" target=\"_blank\" rel=\"noopener\"><span class=\"auto-style60\">PsyS<\/span><\/a>\u00a0&#8211; kwalifikacje: psycholog s\u0105dowy, psycholog-pedagog). W ramach <a href=\"http:\/\/www.kirkland.edu.pl\/\" target=\"_blank\" rel=\"noopener\">Programu stypendialnego im. Lane&#8217;a Kirklanda<\/a>\u00a0studiowa\u0142em\u00a0na\u00a0<a class=\"auto-style61\" title=\"Adam Mickiewicz University official website\" href=\"http:\/\/www.amu.edu.pl\/\" target=\"_blank\" rel=\"noopener\">Uniwersytecie Adama Mickiewicza<\/a>\u00a0i\u00a0na\u00a0<a class=\"auto-style61\" title=\"Poznan University of Medical Sciences official website\" href=\"http:\/\/www.ump.edu.pl\/\" target=\"_blank\" rel=\"noopener\">Uniwersytecie Medycznem im. Karola Marcinkowskiego w Poznaniu<\/a>\u00a0i uzyska\u0142em dyplom (specjalizacja: psychologia kliniczna, psychoterapia, kognitywistyka, neuronauka), a tak\u017ce uko\u0144czy\u0142em studia doktoranckie\u00a0<a class=\"auto-style61\" title=\"Armenian State Pedagogical University official website\" href=\"http:\/\/armspu.am\/\" target=\"_blank\" rel=\"noopener\">ASPU<\/a> (specjalizacja: psychologia og\u00f3lna, teoria i historia psychologii, psychologia osobowo\u015bci).<\/p>\n<h4>Profesjonalne do\u015bwiadczenie<\/h4>\n<ul>\n<li>11\/2011-obecnie &#8211; Glawny Specjalista,\u00a0<a class=\"auto-style61\" title=\"Hilfmann Psychological Services official website\" href=\"https:\/\/services.hilfmann.com\/\" target=\"_blank\" rel=\"noopener\">Hilfmann Psychological Services<\/a><\/li>\n<li>06\/20122-obecnie &#8211;\u00a0Wiceprezes i Wsp\u00f3\u0142za\u0142o\u017cyciel <a href=\"https:\/\/www.facebook.com\/arseacbt\" target=\"_blank\" rel=\"noopener\">Ormia\u0144skiego Naukowo-Edukacyjnego Stowarzyszenia Terapii Poznawczo-Behawioralnej (ArSEA CBT)<\/a><\/li>\n<li>09\/2019-09\/2024 &#8211;\u00a0g\u0142owa Komitetu Etycznego i\u00a0Wsp\u00f3\u0142za\u0142o\u017cyciel <a href=\"http:\/\/emdr.am\" target=\"_blank\" rel=\"noopener\">Ormia\u0144skiego Stowarzyszenia Psychoterapeut\u00f3w EMDR<\/a><\/li>\n<li>09\/2016-08\/2017 &#8211; Wyk\u0142adowca,\u00a0<a href=\"https:\/\/aspu.am\/\" target=\"_blank\" rel=\"noopener\">ASPU<\/a><\/li>\n<li>01\/2014-12\/2014 &#8211; Pracownik naukowy,\u00a0<a class=\"auto-style61\" title=\"ASPU Psychology Lab Official Blog\" href=\"http:\/\/psylabaspu.blogspot.com\/\" target=\"_blank\" rel=\"noopener\">ASPU Psychology Lab<\/a><\/li>\n<li>02\/2011-08\/2012 &#8211; Wyk\u0142adowca,\u00a0<a class=\"auto-style61\" title=\"Northern University official website\" href=\"http:\/\/www.northern.am\/\" target=\"_blank\" rel=\"noopener\">YNU<\/a><\/li>\n<li>01\/2011-09\/2012 &#8211; Pracownik naukowy,\u00a0<a class=\"auto-style61\" title=\"ASPU Psychology Lab Official Blog\" href=\"http:\/\/psylabaspu.blogspot.com\/\" target=\"_blank\" rel=\"noopener\">ASPU Psychology Lab<\/a><\/li>\n<li>11\/2008-02\/2010 &#8211; Psycholog,\u00a0<a class=\"auto-style61\" title=\"Ayg Center's official website\" href=\"http:\/\/www.psychology.am\" target=\"_blank\" rel=\"noopener\">Ayg Center for Psychological Services<\/a><\/li>\n<li>09\/2008-12\/2008 &#8211; Wyk\u0142adowca,\u00a0<a class=\"auto-style61\" title=\"Eurasia International University official website\" href=\"http:\/\/www.eiu.am\/\" target=\"_blank\" rel=\"noopener\">EIU<\/a><\/li>\n<li>01\/2006-10\/2008 &#8211; Psycholog, Praktyka Prywatna<\/li>\n<\/ul>\n<hr \/>\n<p style=\"text-align: center;\"><em>Wi\u0119cej informacji o mnie oraz o\u00a0mojej prac\u0119, o moich zainteresowa\u0144\u00a0profesjonalnych i badawczych mo\u017cna znale\u017a\u0107 na moich oficjalnych stronach internetowych<\/em><\/p>\n<p style=\"text-align: center;\"><a href=\"https:\/\/www.facebook.com\/DrBegoyan\" target=\"_blank\" rel=\"noopener\"><img loading=\"lazy\" decoding=\"async\" class=\"alignnone wp-image-481\" src=\"http:\/\/armanbegoyan.com\/wp-content\/uploads\/2015\/05\/FB.jpg\" alt=\"FB\" width=\"48\" height=\"48\" \/><\/a><a href=\"http:\/\/hilfmann.academia.edu\/ArmanBegoyan\" target=\"_blank\" rel=\"noopener\">\u00a0\u00a0<\/a><a href=\"https:\/\/twitter.com\/armanbegoyan\" target=\"_blank\" rel=\"noopener\"><img loading=\"lazy\" decoding=\"async\" class=\"alignnone wp-image-482\" src=\"http:\/\/armanbegoyan.com\/wp-content\/uploads\/2015\/05\/twitter_logo-300x300.png\" alt=\"twitter_logo\" width=\"48\" height=\"48\" srcset=\"https:\/\/armanbegoyan.com\/wp-content\/uploads\/2015\/05\/twitter_logo-300x300.png 300w, https:\/\/armanbegoyan.com\/wp-content\/uploads\/2015\/05\/twitter_logo-150x150.png 150w, https:\/\/armanbegoyan.com\/wp-content\/uploads\/2015\/05\/twitter_logo-270x270.png 270w, https:\/\/armanbegoyan.com\/wp-content\/uploads\/2015\/05\/twitter_logo-230x230.png 230w, https:\/\/armanbegoyan.com\/wp-content\/uploads\/2015\/05\/twitter_logo.png 365w\" sizes=\"auto, (max-width: 48px) 100vw, 48px\" \/><\/a><a href=\"http:\/\/hilfmann.academia.edu\/ArmanBegoyan\" target=\"_blank\" rel=\"noopener\">\u00a0<\/a>\u00a0<a href=\"https:\/\/www.linkedin.com\/in\/armanbegoyan\" target=\"_blank\" rel=\"noopener\"><img loading=\"lazy\" decoding=\"async\" class=\"alignnone wp-image-483\" src=\"http:\/\/armanbegoyan.com\/wp-content\/uploads\/2015\/05\/Lin.jpg\" alt=\"Lin\" width=\"48\" height=\"48\" srcset=\"https:\/\/armanbegoyan.com\/wp-content\/uploads\/2015\/05\/Lin.jpg 168w, https:\/\/armanbegoyan.com\/wp-content\/uploads\/2015\/05\/Lin-150x150.jpg 150w\" sizes=\"auto, (max-width: 48px) 100vw, 48px\" \/><\/a>\u00a0\u00a0<a href=\"http:\/\/hilfmann.academia.edu\/ArmanBegoyan\" target=\"_blank\" rel=\"noopener\"><img loading=\"lazy\" decoding=\"async\" class=\"alignnone wp-image-473\" src=\"http:\/\/armanbegoyan.com\/wp-content\/uploads\/2015\/05\/academia.jpg\" alt=\"academia\" width=\"48\" height=\"48\" \/><\/a>\u00a0\u00a0<a href=\"http:\/\/www.researchgate.net\/profile\/Arman_Begoyan\" target=\"_blank\" rel=\"noopener\"><img loading=\"lazy\" decoding=\"async\" class=\"alignnone wp-image-474\" src=\"http:\/\/armanbegoyan.com\/wp-content\/uploads\/2015\/05\/RGG.jpg\" alt=\"RGG\" width=\"48\" height=\"48\" srcset=\"https:\/\/armanbegoyan.com\/wp-content\/uploads\/2015\/05\/RGG.jpg 180w, https:\/\/armanbegoyan.com\/wp-content\/uploads\/2015\/05\/RGG-150x150.jpg 150w\" sizes=\"auto, (max-width: 48px) 100vw, 48px\" \/><\/a>\u00a0\u00a0<a href=\"http:\/\/www.researcherid.com\/rid\/E-7493-2013\" target=\"_blank\" rel=\"noopener\"><img loading=\"lazy\" decoding=\"async\" class=\"alignnone wp-image-475 size-full\" src=\"http:\/\/armanbegoyan.com\/wp-content\/uploads\/2015\/05\/RID.jpg\" alt=\"RID\" width=\"48\" height=\"48\" \/><\/a>\u00a0\u00a0<a href=\"http:\/\/orcid.org\/0000-0001-9158-9196\" target=\"_blank\" rel=\"noopener\"><img loading=\"lazy\" decoding=\"async\" class=\"alignnone wp-image-476\" src=\"http:\/\/armanbegoyan.com\/wp-content\/uploads\/2015\/05\/ORCID.png\" alt=\"ORCID\" width=\"48\" height=\"48\" srcset=\"https:\/\/armanbegoyan.com\/wp-content\/uploads\/2015\/05\/ORCID.png 294w, https:\/\/armanbegoyan.com\/wp-content\/uploads\/2015\/05\/ORCID-150x150.png 150w, https:\/\/armanbegoyan.com\/wp-content\/uploads\/2015\/05\/ORCID-270x270.png 270w, https:\/\/armanbegoyan.com\/wp-content\/uploads\/2015\/05\/ORCID-230x230.png 230w\" sizes=\"auto, (max-width: 48px) 100vw, 48px\" \/><\/a>\u00a0\u00a0<a href=\"https:\/\/scholar.google.com\/citations?user=Tu1y_NAAAAAJ&amp;hl=en\" target=\"_blank\" rel=\"noopener\"><img loading=\"lazy\" decoding=\"async\" class=\"alignnone wp-image-477\" src=\"http:\/\/armanbegoyan.com\/wp-content\/uploads\/2015\/05\/google-scholar.png\" alt=\"google-scholar\" width=\"48\" height=\"48\" srcset=\"https:\/\/armanbegoyan.com\/wp-content\/uploads\/2015\/05\/google-scholar.png 256w, https:\/\/armanbegoyan.com\/wp-content\/uploads\/2015\/05\/google-scholar-150x150.png 150w, https:\/\/armanbegoyan.com\/wp-content\/uploads\/2015\/05\/google-scholar-230x230.png 230w\" sizes=\"auto, (max-width: 48px) 100vw, 48px\" \/><\/a>\u00a0<a href=\"http:\/\/elibrary.ru\/author_items.asp?authorid=687729\" target=\"_blank\" rel=\"noopener\"><img loading=\"lazy\" decoding=\"async\" class=\"alignnone wp-image-478\" src=\"http:\/\/armanbegoyan.com\/wp-content\/uploads\/2015\/05\/Science_Index.png\" alt=\"Science_Index\" width=\"48\" height=\"48\" \/><\/a>\u00a0\u00a0<a href=\"https:\/\/www.youtube.com\/user\/armanbegoyan1\" target=\"_blank\" rel=\"noopener\"><img loading=\"lazy\" decoding=\"async\" class=\"alignnone wp-image-487\" src=\"http:\/\/armanbegoyan.com\/wp-content\/uploads\/2015\/05\/YTLogo.png\" alt=\"YTLogo\" width=\"48\" height=\"48\" \/><\/a><\/p>\n<p><\/p>","protected":false},"excerpt":{"rendered":"<p>Cze\u015b\u0107, Jestem\u00a0Arman Begoyan. Jestem psychologiem\u00a0(PsySD)\u00a0\u00a0i certyfikowanym psychotherapeut\u0105\u00a0(European Certificate of Psychotherapy &#8211; ECP), superwizorem i trenerem. Jestem cz\u0142onkiem\u00a0zagranicznym\u00a0Ameryka\u0144skiego Stowarzyszenia Psychologicznego,\u00a0cz\u0142onkiem\u00a0zwyczajnym\u00a0Polskiej Federacji Psychoterapii, wsp\u00f3\u0142za\u0142o\u017cyciel Ormia\u0144skiego Stowarzyszenia Psychoterapeut\u00f3w EMDR, Wiceprezes i Wsp\u00f3\u0142za\u0142o\u017cyciel Ormia\u0144skiego Naukowo-Edukacyjnego Stowarzyszenia Terapii Poznawczo-Behawioralnej (ArSEA CBT), g\u0142\u00f3wnym specjalist\u0105\u00a0Hilfmann Psychological Services.<\/p>\n","protected":false},"author":2,"featured_media":3268,"parent":0,"menu_order":0,"comment_status":"closed","ping_status":"closed","template":"","meta":{"footnotes":""},"class_list":["post-7","page","type-page","status-publish","has-post-thumbnail","hentry"],"_links":{"self":[{"href":"https:\/\/armanbegoyan.com\/pl\/wp-json\/wp\/v2\/pages\/7","targetHints":{"allow":["GET"]}}],"collection":[{"href":"https:\/\/armanbegoyan.com\/pl\/wp-json\/wp\/v2\/pages"}],"about":[{"href":"https:\/\/armanbegoyan.com\/pl\/wp-json\/wp\/v2\/types\/page"}],"author":[{"embeddable":true,"href":"https:\/\/armanbegoyan.com\/pl\/wp-json\/wp\/v2\/users\/2"}],"replies":[{"embeddable":true,"href":"https:\/\/armanbegoyan.com\/pl\/wp-json\/wp\/v2\/comments?post=7"}],"version-history":[{"count":223,"href":"https:\/\/armanbegoyan.com\/pl\/wp-json\/wp\/v2\/pages\/7\/revisions"}],"predecessor-version":[{"id":3384,"href":"https:\/\/armanbegoyan.com\/pl\/wp-json\/wp\/v2\/pages\/7\/revisions\/3384"}],"wp:featuredmedia":[{"embeddable":true,"href":"https:\/\/armanbegoyan.com\/pl\/wp-json\/wp\/v2\/media\/3268"}],"wp:attachment":[{"href":"https:\/\/armanbegoyan.com\/pl\/wp-json\/wp\/v2\/media?parent=7"}],"curies":[{"name":"wp","href":"https:\/\/api.w.org\/{rel}","templated":true}]}}