{"id":34,"date":"2015-05-13T07:49:03","date_gmt":"2015-05-13T11:49:03","guid":{"rendered":"http:\/\/armanbegoyan.com\/?page_id=34"},"modified":"2024-09-18T16:50:13","modified_gmt":"2024-09-18T12:50:13","slug":"contact","status":"publish","type":"page","link":"https:\/\/armanbegoyan.com\/pl\/contact\/","title":{"rendered":"KONTAKT"},"content":{"rendered":"<p><span class=\"auto-style64\"><span class=\"auto-style44\">Je\u015bli masz pytania, jeste\u015b zainteresowany ustaleniem terminu spotkania, napisz do mnie lub zadzwo\u0144.<\/span><\/span><\/p>\n<p>E-mail:\u00a0<a href=\"mailto:info@armanbegoyan.com\" target=\"_blank\" rel=\"noopener\">info@armanbegoyan.com<\/a>, <a href=\"mailto:arman.begoyan@gmail.com\" target=\"_blank\" rel=\"noopener\">arman.begoyan@gmail.com<\/a><\/p>\n<p>Phone\/Viber\/WhatsApp\/Telegram: +374 55 550911<\/p>\n<p><strong><a href=\"https:\/\/wa.me\/37455550911\" target=\"_blank\" rel=\"noopener\">Wy\u015blij wiadomo\u015b\u0107<\/a><\/strong><\/p>\n<hr \/>\n<p><strong>Hilfmann Psychological Services<\/strong><\/p>\n<p>TGA Business Centre<br \/>\nGround Floor, # 106<br \/>\n6\/4 Abelian str., Yerevan 0038, RA<\/p>\n<p><iframe loading=\"lazy\" style=\"border: 0;\" src=\"https:\/\/www.google.com\/maps\/embed?pb=!1m14!1m8!1m3!1d12189.716388889477!2d44.4759205!3d40.199517!3m2!1i1024!2i768!4f13.1!3m3!1m2!1s0x0%3A0xafd4a6de7ede880d!2zVEdBINWi1avVptW21aXVvSDVr9Wl1bbVv9aA1bjVtiDUtdaA1ofVodW21bjWgtW0!5e0!3m2!1sen!2s!4v1631259027993!5m2!1sen!2s\" width=\"600\" height=\"450\" allowfullscreen=\"allowfullscreen\"><\/iframe><\/p>","protected":false},"excerpt":{"rendered":"<p>Je\u015bli masz pytania, jeste\u015b zainteresowany ustaleniem terminu spotkania, napisz do mnie lub zadzwo\u0144. E-mail:\u00a0info@armanbegoyan.com, arman.begoyan@gmail.com Phone\/Viber\/WhatsApp\/Telegram: +374 55 550911 Wy\u015blij wiadomo\u015b\u0107 Hilfmann Psychological Services TGA Business Centre Ground Floor, # 106 6\/4 Abelian str., Yerevan 0038, RA<\/p>\n","protected":false},"author":2,"featured_media":0,"parent":0,"menu_order":0,"comment_status":"closed","ping_status":"closed","template":"","meta":{"footnotes":""},"class_list":["post-34","page","type-page","status-publish","hentry"],"_links":{"self":[{"href":"https:\/\/armanbegoyan.com\/pl\/wp-json\/wp\/v2\/pages\/34","targetHints":{"allow":["GET"]}}],"collection":[{"href":"https:\/\/armanbegoyan.com\/pl\/wp-json\/wp\/v2\/pages"}],"about":[{"href":"https:\/\/armanbegoyan.com\/pl\/wp-json\/wp\/v2\/types\/page"}],"author":[{"embeddable":true,"href":"https:\/\/armanbegoyan.com\/pl\/wp-json\/wp\/v2\/users\/2"}],"replies":[{"embeddable":true,"href":"https:\/\/armanbegoyan.com\/pl\/wp-json\/wp\/v2\/comments?post=34"}],"version-history":[{"count":45,"href":"https:\/\/armanbegoyan.com\/pl\/wp-json\/wp\/v2\/pages\/34\/revisions"}],"predecessor-version":[{"id":3175,"href":"https:\/\/armanbegoyan.com\/pl\/wp-json\/wp\/v2\/pages\/34\/revisions\/3175"}],"wp:attachment":[{"href":"https:\/\/armanbegoyan.com\/pl\/wp-json\/wp\/v2\/media?parent=34"}],"curies":[{"name":"wp","href":"https:\/\/api.w.org\/{rel}","templated":true}]}}