{"id":3334,"date":"2025-07-19T13:06:33","date_gmt":"2025-07-19T09:06:33","guid":{"rendered":"https:\/\/armanbegoyan.com\/?page_id=3334"},"modified":"2025-09-11T08:29:07","modified_gmt":"2025-09-11T04:29:07","slug":"win-without-playing-a-guide-to-overcoming-problem-gambling","status":"publish","type":"page","link":"https:\/\/armanbegoyan.com\/pl\/win-without-playing-a-guide-to-overcoming-problem-gambling\/","title":{"rendered":"Wygraj bez grania: przewodnik po przezwyci\u0119\u017caniu uzale\u017cnienia od hazardu"},"content":{"rendered":"<p><\/p>\n<p style=\"font-weight: 400;\"><img loading=\"lazy\" decoding=\"async\" class=\"alignright wp-image-3338\" src=\"https:\/\/armanbegoyan.com\/wp-content\/uploads\/2025\/07\/11112222-1024x682.png\" alt=\"\" width=\"500\" height=\"333\" srcset=\"https:\/\/armanbegoyan.com\/wp-content\/uploads\/2025\/07\/11112222-1024x682.png 1024w, https:\/\/armanbegoyan.com\/wp-content\/uploads\/2025\/07\/11112222-300x200.png 300w, https:\/\/armanbegoyan.com\/wp-content\/uploads\/2025\/07\/11112222-768x512.png 768w, https:\/\/armanbegoyan.com\/wp-content\/uploads\/2025\/07\/11112222.png 1276w\" sizes=\"auto, (max-width: 500px) 100vw, 500px\" \/><\/p>\n<p data-start=\"4407\" data-end=\"5082\">Ksi\u0105\u017cka przedstawia g\u0142\u00f3wne typy uzale\u017cnienia od hazardu, a tak\u017ce nowoczesne podej\u015bcia do jego przyczyn, rozwoju i metod przezwyci\u0119\u017cania. Omawiane s\u0105 niefarmakologiczne, psychoterapeutyczne metody leczenia uzale\u017cnienia od hazardu. Przewodnik zawiera program oparty na terapii poznawczo-behawioralnej (CBT), maj\u0105cy na celu przezwyci\u0119\u017cenie problematycznego hazardu. Ksi\u0105\u017cka jest przeznaczona zar\u00f3wno dla os\u00f3b, kt\u00f3re chc\u0105 samodzielnie (lub z pomoc\u0105 specjalisty) poradzi\u0107 sobie z problemem, jak i dla specjalist\u00f3w z zakresu zdrowia psychicznego i dziedzin pokrewnych (psycholog\u00f3w, psychoterapeut\u00f3w, psychiatr\u00f3w, neurolog\u00f3w, pracownik\u00f3w socjalnych, pedagog\u00f3w specjalnych i innych).<\/p>\n<p data-start=\"5084\" data-end=\"5792\">Niniejszy przewodnik jest wynikiem wieloletniej pracy z osobami zmagaj\u0105cymi si\u0119 z problemami hazardu, zak\u0142ad\u00f3w i gier, i stanowi logiczn\u0105 kontynuacj\u0119 podr\u0119cznik\u00f3w: <em data-start=\"5248\" data-end=\"5303\">\u201ePatologiczny hazard. Przewodnik dla psychoterapeuty\u201d<\/em>, <em data-start=\"5305\" data-end=\"5344\">\u201ePatologiczny hazard. Zeszyt \u0107wicze\u0144\u201d<\/em> (Begoyan, 2015a, 2015b) oraz <em data-start=\"5374\" data-end=\"5403\">\u201eHazard. Jak przezwyci\u0119\u017cy\u0107\u201d<\/em> (Begoyan, 2017). W przeciwie\u0144stwie jednak do wcze\u015bniejszych publikacji, tutaj podj\u0119to pr\u00f3b\u0119 po\u0142\u0105czenia i udoskonalenia tre\u015bci przewodnika dla terapeuty oraz zeszytu \u0107wicze\u0144 dla pacjenta w jeden przewodnik \u2013 zar\u00f3wno do samopomocy, jak i dla specjalist\u00f3w. Ponadto, zawarte zosta\u0142y w nim wyniki mojego 17-letniego do\u015bwiadczenia terapeutycznego oraz najnowsze dane z bada\u0144 neurobiologicznych.<\/p>\n<p data-start=\"5794\" data-end=\"6127\"><img loading=\"lazy\" decoding=\"async\" class=\"alignleft wp-image-3347\" src=\"https:\/\/armanbegoyan.com\/wp-content\/uploads\/2025\/07\/2222222-210x300.png\" alt=\"\" width=\"300\" height=\"429\" srcset=\"https:\/\/armanbegoyan.com\/wp-content\/uploads\/2025\/07\/2222222-210x300.png 210w, https:\/\/armanbegoyan.com\/wp-content\/uploads\/2025\/07\/2222222-717x1024.png 717w, https:\/\/armanbegoyan.com\/wp-content\/uploads\/2025\/07\/2222222-768x1098.png 768w, https:\/\/armanbegoyan.com\/wp-content\/uploads\/2025\/07\/2222222.png 853w\" sizes=\"auto, (max-width: 300px) 100vw, 300px\" \/>Przewodnik odzwierciedla program poznawczo-behawioralny opracowany w latach 2011\u20132014 i p\u00f3\u017aniej rozwijany oraz udoskonalany przez specjalist\u00f3w z us\u0142ug psychologicznych \u201eHilfmann\u201d. Z badawczo-klinicznymi aspektami programu mo\u017cna zapozna\u0107 si\u0119 przegl\u0105daj\u0105c <a href=\"https:\/\/www.academia.edu\/25264628\/\u0411\u0435\u0433\u043e\u044f\u043d_\u0410_\u0414\u0436\u0443\u043b\u0444\u0430\u043a\u044f\u043d_\u0410_\u0422\u043e\u0440\u043e\u0441\u044f\u043d_\u0410_2016_\u041a\u043e\u0433\u043d\u0438\u0442\u0438\u0432\u043d\u043e_\u043a\u043e\u043d\u0446\u0435\u043f\u0442\u0443\u0430\u043b\u044c\u043d\u0430\u044f_\u0442\u0435\u0440\u0430\u043f\u0438\u044f_\u043f\u0430\u0442\u043e\u043b\u043e\u0433\u0438\u0447\u0435\u0441\u043a\u043e\u0433\u043e_\u0433\u044d\u043c\u0431\u043b\u0438\u043d\u0433\u0430_\u043a\u043b\u0438\u043d\u0438\u0447\u0435\u0441\u043a\u043e\u0435_\u0438\u0441\u0441\u043b\u0435\u0434\u043e\u0432\u0430\u043d\u0438\u0435_\u044d\u0444\u0444\u0435\u043a\u0442\u0438\u0432\u043d\u043e\u0441\u0442\u0438\" target=\"_blank\" rel=\"noopener\">jedn\u0105 z pierwszych publikacji z 2016 roku<\/a> (Begoyan, Julfakyan, Torosyan, 2016).<\/p>\n<p data-start=\"6129\" data-end=\"6541\">Dzi\u0119ki temu programowi setki os\u00f3b od 2011 roku uwolni\u0142y si\u0119 od uzale\u017cnienia. Je\u015bli jeste\u015b cz\u0142onkiem rodziny \u2014 spr\u00f3buj pom\u00f3c bliskiej osobie dzi\u0119ki tej ksi\u0105\u017cce. Je\u015bli jeste\u015b specjalist\u0105 \u2014 zorganizuj kurs terapii wed\u0142ug tego programu i podziel si\u0119 swoim do\u015bwiadczeniem. A je\u015bli problem dotyczy Ciebie \u2014 spr\u00f3buj i przekonaj si\u0119, \u017ce mo\u017cna wygra\u0107 r\u00f3wnie\u017c bez grania, bo ka\u017cdy dzie\u0144 bez uzale\u017cnienia to ju\u017c zwyci\u0119stwo.<\/p>\n<hr \/>\n<p style=\"font-weight: 400;\"><em>W j\u0119zyku Ormia\u0144skim: <\/em>\u0532\u0565\u0563\u0578\u0575\u0561\u0576 \u0531.\u0546. \u0540\u0561\u0572\u0569\u056b\u0580 \u0561\u057c\u0561\u0576\u0581 \u056d\u0561\u0572\u0561\u056c\u0578\u0582. \u057a\u0580\u0578\u0562\u056c\u0565\u0574\u0561\u0575\u056b\u0576 \u056d\u0561\u0572\u0561\u0574\u0578\u056c\u0578\u0582\u0569\u0575\u0561\u0576 \u0570\u0561\u0572\u0569\u0561\u0570\u0561\u0580\u0574\u0561\u0576 \u0578\u0582\u0572\u0565\u0581\u0578\u0582\u0575\u0581 \/ \u0531.\u0546.\u0532\u0565\u0563\u0578\u0575\u0561\u0576. &#8211; \u0535\u0580.: \u0540\u056b\u056c\u0586\u0574\u0561\u0576\u0576 \u054a\u0580\u0565\u057d\u057d, 2025. &#8211; 216 \u0567\u057b\u0589<\/p>\n<hr \/>\n<p>Projekt graficzny ok\u0142adki: Alina Begoyan<\/p>\n<p>Zarekomendowane przez <a href=\"https:\/\/www.hilfmann.com\/school\/index_arm.html\" target=\"_blank\" rel=\"noopener\">Hilfmann School<\/a><\/p>\n<p>ISBN <span lang=\"HY\">978-9939-<\/span>927<span lang=\"HY\">8-4-8<\/span><\/p>\n<p><a href=\"https:\/\/www.facebook.com\/winwithoutgambling\/\" target=\"_blank\" rel=\"noopener\"><img loading=\"lazy\" decoding=\"async\" class=\"alignnone wp-image-1543\" src=\"https:\/\/i1.wp.com\/armanbegoyan.com\/wp-content\/uploads\/2017\/04\/FB_logo.jpg?zoom=2&amp;resize=50%2C50&amp;ssl=1\" srcset=\"https:\/\/i1.wp.com\/armanbegoyan.com\/wp-content\/uploads\/2017\/04\/FB_logo.jpg?zoom=2&amp;resize=50%2C50&amp;ssl=1\" alt=\"FB_logo\" width=\"50\" height=\"50\" data-attachment-id=\"1543\" data-permalink=\"https:\/\/armanbegoyan.com\/hy\/bye_bye_anxiety\/fb_logo\/\" data-orig-file=\"https:\/\/i1.wp.com\/armanbegoyan.com\/wp-content\/uploads\/2017\/04\/FB_logo.jpg?fit=125%2C125&amp;ssl=1\" data-orig-size=\"125,125\" data-comments-opened=\"0\" data-image-meta=\"{&quot;aperture&quot;:&quot;0&quot;,&quot;credit&quot;:&quot;&quot;,&quot;camera&quot;:&quot;&quot;,&quot;caption&quot;:&quot;&quot;,&quot;created_timestamp&quot;:&quot;0&quot;,&quot;copyright&quot;:&quot;&quot;,&quot;focal_length&quot;:&quot;0&quot;,&quot;iso&quot;:&quot;0&quot;,&quot;shutter_speed&quot;:&quot;0&quot;,&quot;title&quot;:&quot;&quot;,&quot;orientation&quot;:&quot;0&quot;}\" data-image-title=\"FB_logo\" data-image-description=\"\" data-medium-file=\"https:\/\/i1.wp.com\/armanbegoyan.com\/wp-content\/uploads\/2017\/04\/FB_logo.jpg?fit=125%2C125&amp;ssl=1\" data-large-file=\"https:\/\/i1.wp.com\/armanbegoyan.com\/wp-content\/uploads\/2017\/04\/FB_logo.jpg?fit=125%2C125&amp;ssl=1\" \/><\/a><\/p>","protected":false},"excerpt":{"rendered":"<p>Ksi\u0105\u017cka przedstawia g\u0142\u00f3wne typy uzale\u017cnienia od hazardu, a tak\u017ce nowoczesne podej\u015bcia do jego przyczyn, rozwoju i metod przezwyci\u0119\u017cania. Omawiane s\u0105 niefarmakologiczne, psychoterapeutyczne metody leczenia uzale\u017cnienia od hazardu. Przewodnik zawiera program oparty na terapii poznawczo-behawioralnej (CBT), maj\u0105cy na celu przezwyci\u0119\u017cenie problematycznego<\/p>\n","protected":false},"author":2,"featured_media":3338,"parent":0,"menu_order":0,"comment_status":"closed","ping_status":"closed","template":"","meta":{"footnotes":""},"class_list":["post-3334","page","type-page","status-publish","has-post-thumbnail","hentry"],"_links":{"self":[{"href":"https:\/\/armanbegoyan.com\/pl\/wp-json\/wp\/v2\/pages\/3334","targetHints":{"allow":["GET"]}}],"collection":[{"href":"https:\/\/armanbegoyan.com\/pl\/wp-json\/wp\/v2\/pages"}],"about":[{"href":"https:\/\/armanbegoyan.com\/pl\/wp-json\/wp\/v2\/types\/page"}],"author":[{"embeddable":true,"href":"https:\/\/armanbegoyan.com\/pl\/wp-json\/wp\/v2\/users\/2"}],"replies":[{"embeddable":true,"href":"https:\/\/armanbegoyan.com\/pl\/wp-json\/wp\/v2\/comments?post=3334"}],"version-history":[{"count":15,"href":"https:\/\/armanbegoyan.com\/pl\/wp-json\/wp\/v2\/pages\/3334\/revisions"}],"predecessor-version":[{"id":3372,"href":"https:\/\/armanbegoyan.com\/pl\/wp-json\/wp\/v2\/pages\/3334\/revisions\/3372"}],"wp:featuredmedia":[{"embeddable":true,"href":"https:\/\/armanbegoyan.com\/pl\/wp-json\/wp\/v2\/media\/3338"}],"wp:attachment":[{"href":"https:\/\/armanbegoyan.com\/pl\/wp-json\/wp\/v2\/media?parent=3334"}],"curies":[{"name":"wp","href":"https:\/\/api.w.org\/{rel}","templated":true}]}}