{"id":309,"date":"2015-05-16T21:21:26","date_gmt":"2015-05-16T17:21:26","guid":{"rendered":"http:\/\/armanbegoyan.com\/?page_id=309"},"modified":"2024-09-18T16:38:30","modified_gmt":"2024-09-18T12:38:30","slug":"training","status":"publish","type":"page","link":"https:\/\/armanbegoyan.com\/pl\/training\/","title":{"rendered":"PROGRAMY SZKOLENIOWE"},"content":{"rendered":"<p>W ramach <a href=\"https:\/\/hilfmann.com\/school\/index_arm.html\" target=\"_blank\" rel=\"noopener\">Hilfmann School<\/a>\u00a0oferuj\u0119 r\u00f3\u017cne programy szkoleniowe i edukacyjne z zakresu planowania kariery, psychologii klinicznej i psychoterapii dla specjalist\u00f3w zajmuj\u0105cych si\u0119 zdrowiem psychicznym (psycholog\u00f3w, psychoterapeut\u00f3w, psychiatr\u00f3w i innych specjalist\u00f3w). Oferuj\u0119 programy szkoleniowe i edukacyjne w j\u0119zyku ormia\u0144skim i rosyjskim. Od czasu do czasu odwiedzam inne miasta Armenii (np. Giumri, Wanadzor, Goris), a tak\u017ce inne kraje (np. Gruzj\u0119, Federacj\u0119 Rosyjsk\u0105, Polska) w celu realizacji moich program\u00f3w szkoleniowych.<\/p>\n<h4>\u00a0Programy<\/h4>\n<ul>\n<li><a href=\"https:\/\/hilfmann.com\/school\/cbt_for_gambling_disorder.html\" target=\"_blank\" rel=\"noopener\">Terapia poznawczo-behawioralna hazardu<\/a>\u00a0&#8211; autor i trener programu<\/li>\n<li><a href=\"https:\/\/hilfmann.com\/school\/cbt_for_anxiety_disorders.html\" target=\"_blank\" rel=\"noopener\">Terapia poznawczo-behawioralna zaburze\u0144 l\u0119kowych<\/a>\u00a0&#8211; autor i trener programu<\/li>\n<li><a href=\"https:\/\/hilfmann.com\/school\/business_n_promotion_for_psychologists.html\" target=\"_blank\" rel=\"noopener\">Biznes i promocja dla psycholog\u00f3w<\/a>\u00a0&#8211; autor i trener programu<\/li>\n<\/ul>\n<h4>Rejestracja<\/h4>\n<p>\n\n<!-- Fast Secure Contact Form plugin 4.0.52 - begin - FastSecureContactForm.com -->\r\n<div style=\"clear:both;\"><\/div>\n\r\n<div id=\"FSContact3\" style=\"width:99%; max-width:555px;\">\r\n<form enctype=\"multipart\/form-data\" action=\"https:\/\/armanbegoyan.com\/pl\/wp-json\/wp\/v2\/pages\/309#FSContact3\" id=\"fscf_form3\" method=\"post\">\r\n\n<div id=\"fscf_div_clear3_0\" style=\"clear:both;\">\n  <div id=\"fscf_div_field3_0\" style=\"clear:left; float:left; width:99%; max-width:550px; margin-right:10px;\">\r\n    <div style=\"text-align:left; padding-top:5px;\">\n      <label style=\"text-align:left;\" for=\"fscf_name3\">Name:<span style=\"text-align:left;\">*<\/span><\/label>\n    <\/div>\r\n    <div style=\"text-align:left;\">\r\n      <input style=\"text-align:left; margin:0; width:99%; max-width:250px;\" type=\"text\" id=\"fscf_name3\" name=\"full_name\" value=\"\"  \/>\r\n    <\/div>\r\n  <\/div>\n<\/div>\n\n<div id=\"fscf_div_clear3_5\" style=\"clear:both;\">\n  <div id=\"fscf_div_field3_5\" style=\"clear:left; float:left; width:99%; max-width:550px; margin-right:10px;\">\n    <div  id=\"fscf_label3_5\" style=\"text-align:left; padding-top:5px;\">\r\n      <label style=\"text-align:left;\" for=\"fscf_field3_5\">Profession:<span style=\"text-align:left;\">*<\/span><\/label>\n    <\/div>\n    <div style=\"text-align:left;\">\n      <select style=\"text-align:left;\" id=\"fscf_field3_5\" name=\"Profession[]\">\n        <option value=\"1\">Psychologist<\/option>\n        <option value=\"2\">Psychiatrist<\/option>\n        <option value=\"3\">Psychotherapist<\/option>\n        <option value=\"4\">Neurologist<\/option>\n        <option value=\"5\">Sexologist<\/option>\n        <option value=\"6\">Pedagogue\/Teacher\/Educator<\/option>\n        <option value=\"7\">Physician<\/option>\n        <option value=\"8\">Other (please mention in Message field)<\/option>\n      <\/select>\n    <\/div>\n  <\/div>\n<\/div>\n\n<div id=\"fscf_div_clear3_6\" style=\"clear:both;\">\n  <div id=\"fscf_div_field3_6\" style=\"clear:left; float:left; width:99%; max-width:550px; margin-right:10px;\">\n    <div  id=\"fscf_label3_6\" style=\"text-align:left; padding-top:5px;\">\r\n      <label style=\"text-align:left;\" for=\"fscf_field3_6\">Degree:<span style=\"text-align:left;\">*<\/span><\/label>\n    <\/div>\n    <div style=\"text-align:left;\">\n      <select style=\"text-align:left;\" id=\"fscf_field3_6\" name=\"Degree[]\">\n        <option value=\"1\">BA\/BSc<\/option>\n        <option value=\"2\">MA\/MSc<\/option>\n        <option value=\"3\">PsyS\/EdS<\/option>\n        <option value=\"4\">PhD<\/option>\n        <option value=\"5\">MD<\/option>\n        <option value=\"6\">Other (please mention in Message field)<\/option>\n      <\/select>\n    <\/div>\n  <\/div>\n<\/div>\n\n<div id=\"fscf_div_clear3_4\" style=\"clear:both;\">\n  <div id=\"fscf_div_field3_4\" style=\"clear:left; float:left; width:99%; max-width:550px; margin-right:10px;\">\n    <div  id=\"fscf_label3_4\" style=\"text-align:left; padding-top:5px;\">\r\n      <label style=\"text-align:left;\" for=\"fscf_field3_4\">Training title register for:<span style=\"text-align:left;\">*<\/span><\/label>\n    <\/div>\n    <div style=\"text-align:left;\">\n      <textarea style=\"text-align:left; margin:0; width:99%; max-width:250px; height:120px;\" id=\"fscf_field3_4\" name=\"Attach-file\" cols=\"30\" rows=\"10\" ><\/textarea>\n    <\/div>\n  <\/div>\n<\/div>\n\n<div id=\"fscf_div_clear3_3\" style=\"clear:both;\">\n  <div id=\"fscf_div_field3_3\" style=\"clear:left; float:left; width:99%; max-width:550px; margin-right:10px;\">\n    <div style=\"text-align:left; padding-top:5px;\">\n      <label style=\"text-align:left;\" for=\"fscf_field3_3\">Message:<\/label>\n    <\/div>\n    <div style=\"text-align:left;\">\n      <textarea style=\"text-align:left; margin:0; width:99%; max-width:250px; height:120px;\" id=\"fscf_field3_3\" name=\"message\" cols=\"30\" rows=\"10\" ><\/textarea>\n    <\/div>\n  <\/div>\n<\/div>\n\n<div id=\"fscf_div_clear3_1\" style=\"clear:both;\">\n  <div id=\"fscf_div_field3_1\" style=\"clear:left; float:left; width:99%; max-width:550px; margin-right:10px;\">\n    <div style=\"text-align:left; padding-top:5px;\">\n      <label style=\"text-align:left;\" for=\"fscf_email3\">Email:<span style=\"text-align:left;\">*<\/span><\/label>\n    <\/div>\n    <div style=\"text-align:left;\">\n      <input style=\"text-align:left; margin:0; width:99%; max-width:250px;\" type=\"text\" id=\"fscf_email3\" name=\"email\" value=\"\"  \/>\n    <\/div>\n  <\/div>\n<\/div>\n\n<div id=\"fscf_div_clear3_7\" style=\"clear:both;\">\n  <div id=\"fscf_div_field3_7\" style=\"clear:left; float:left; width:99%; max-width:550px; margin-right:10px;\">\n    <div  id=\"fscf_label3_7\" style=\"text-align:left; padding-top:5px;\">\r\n      <label style=\"text-align:left;\" for=\"fscf_field3_7\">Attach scanned Passport or ID (needed for the contract):<\/label>\n    <\/div>\n    <div style=\"text-align:left;\">\n      <input style=\"text-align:left; margin:0; width:99%; max-width:250px;\" type=\"file\" id=\"fscf_field3_7\" name=\"Attach-scanned-Passport-or-ID-needed-for\"  size=\"20\" \/><br \/>\n      <span id=\"fscf_hint_file_types3_7\" style=\"font-size:x-small; font-weight:normal;\">Acceptable file types: doc,docx,pdf,txt,gif,jpg,jpeg,png.<br \/>Maximum file size: 5mb.<\/span>\n    <\/div>\n  <\/div>\n<\/div>\n\n<div id=\"fscf_div_clear3_8\" style=\"clear:both;\">\n  <div id=\"fscf_div_field3_8\" style=\"clear:left; float:left; width:99%; max-width:550px; margin-right:10px;\">\n    <div  id=\"fscf_label3_8\" style=\"text-align:left; padding-top:5px;\">\r\n      <label style=\"text-align:left;\" for=\"fscf_field3_8\">Attach bank receipt (if available):<\/label>\n    <\/div>\n    <div style=\"text-align:left;\">\n      <input style=\"text-align:left; margin:0; width:99%; max-width:250px;\" type=\"file\" id=\"fscf_field3_8\" name=\"Attach-file04\"  size=\"20\" \/>    <\/div>\n  <\/div>\n<\/div>\n\n<div id=\"fscf_div_clear3_9\" style=\"clear:both;\">\n  <div id=\"fscf_div_field3_9\" style=\"clear:left; float:left; width:99%; max-width:550px; margin-right:10px;\">\n    <div  id=\"fscf_label3_9\" style=\"text-align:left; padding-top:5px;\">\r\n      <label style=\"text-align:left;\" for=\"fscf_field3_9\">Attach other document\/file:<\/label>\n    <\/div>\n    <div style=\"text-align:left;\">\n      <input style=\"text-align:left; margin:0; width:99%; max-width:250px;\" type=\"file\" id=\"fscf_field3_9\" name=\"Attach-file05\"  size=\"20\" \/>    <\/div>\n  <\/div>\n<\/div>\r\n<div style=\"clear:both;\"><\/div>\n\n<div style=\"text-align:left; padding-top:5px;\">\n<\/div>\n<div id=\"fscf_captcha_image_div3\" style=\"width:250px; height:65px; padding-top:2px;\">\n      <img loading=\"lazy\" decoding=\"async\" id=\"fscf_captcha_image3\" style=\"border-style:none; margin:0; padding:0px; padding-right:5px; float:left;\" src=\"https:\/\/armanbegoyan.com\/wp-content\/plugins\/si-contact-form\/captcha\/securimage_show.php?prefix=pXTNtVGea1rOX9Dx\" width=\"175\" height=\"60\" alt=\"CAPTCHA\" title=\"CAPTCHA\" \/>\n      <input id=\"fscf_captcha_prefix3\" type=\"hidden\" name=\"fscf_captcha_prefix3\" value=\"pXTNtVGea1rOX9Dx\" \/>\n     <div id=\"fscf_captcha_refresh3\">\n        <a href=\"#\" rel=\"nofollow\" title=\"Refresh\" onclick=\"fscf_captcha_refresh('3','\/wp-content\/plugins\/si-contact-form\/captcha','https:\/\/armanbegoyan.com\/wp-content\/plugins\/si-contact-form\/captcha\/securimage_show.php?prefix='); return false;\">\n        <img loading=\"lazy\" decoding=\"async\" src=\"https:\/\/armanbegoyan.com\/wp-content\/plugins\/si-contact-form\/captcha\/images\/refresh.png\" width=\"22\" height=\"20\" alt=\"Refresh\" style=\"border-style:none; margin:0; padding:0px; vertical-align:bottom;\" onclick=\"this.blur();\" \/><\/a>\r\n     <\/div>\r\n<\/div>\r\n\r\n<div id=\"fscf_captcha_field3\" style=\"text-align:left; padding-top:5px;\">\r\n     <label style=\"text-align:left;\" for=\"fscf_captcha_code3\">CAPTCHA Code:<span style=\"text-align:left;\">*<\/span><\/label>\r\n<\/div>\r\n<div style=\"text-align:left;\">\n     <input style=\"text-align:left; margin:0; width:50px;\" type=\"text\" value=\"\" autocomplete=\"off\" id=\"fscf_captcha_code3\" name=\"captcha_code\"  \/>\n<\/div>\n\n<div id=\"fscf_submit_div3\" style=\"text-align:left; clear:both; padding-top:15px;\">\r\n\t\t<input type=\"submit\" id=\"fscf_submit3\" style=\"cursor:pointer; margin:0;\" value=\"Prze\u015blij\"  onclick=\"this.disabled=true; this.value='Submitting...'; this.form.submit();\" \/> \n<\/div>\n\n<input type=\"hidden\" name=\"fscf_submitted\" value=\"0\" \/>\n<input type=\"hidden\" name=\"fs_postonce_3\" value=\"9a4f5ae8cbbc03216cbb69a15775ad71,1776371820\" \/>\n<input type=\"hidden\" name=\"si_contact_action\" value=\"send\" \/>\n<input type=\"hidden\" name=\"form_id\" value=\"3\" \/>\n<input type=\"hidden\" name=\"mailto_id\" value=\"1\" \/>\n\n<\/form>\n<\/div>\r\n<div style=\"clear:both;\"><\/div>\n\n<!-- Fast Secure Contact Form plugin 4.0.52 - end - FastSecureContactForm.com -->\n<\/p>","protected":false},"excerpt":{"rendered":"<p>W ramach Hilfmann School\u00a0oferuj\u0119 r\u00f3\u017cne programy szkoleniowe i edukacyjne z zakresu planowania kariery, psychologii klinicznej i psychoterapii dla specjalist\u00f3w zajmuj\u0105cych si\u0119 zdrowiem psychicznym (psycholog\u00f3w, psychoterapeut\u00f3w, psychiatr\u00f3w i innych specjalist\u00f3w). Oferuj\u0119 programy szkoleniowe i edukacyjne w j\u0119zyku ormia\u0144skim i rosyjskim. Od<\/p>\n","protected":false},"author":2,"featured_media":1918,"parent":0,"menu_order":0,"comment_status":"closed","ping_status":"closed","template":"","meta":{"footnotes":""},"class_list":["post-309","page","type-page","status-publish","has-post-thumbnail","hentry"],"_links":{"self":[{"href":"https:\/\/armanbegoyan.com\/pl\/wp-json\/wp\/v2\/pages\/309","targetHints":{"allow":["GET"]}}],"collection":[{"href":"https:\/\/armanbegoyan.com\/pl\/wp-json\/wp\/v2\/pages"}],"about":[{"href":"https:\/\/armanbegoyan.com\/pl\/wp-json\/wp\/v2\/types\/page"}],"author":[{"embeddable":true,"href":"https:\/\/armanbegoyan.com\/pl\/wp-json\/wp\/v2\/users\/2"}],"replies":[{"embeddable":true,"href":"https:\/\/armanbegoyan.com\/pl\/wp-json\/wp\/v2\/comments?post=309"}],"version-history":[{"count":69,"href":"https:\/\/armanbegoyan.com\/pl\/wp-json\/wp\/v2\/pages\/309\/revisions"}],"predecessor-version":[{"id":3174,"href":"https:\/\/armanbegoyan.com\/pl\/wp-json\/wp\/v2\/pages\/309\/revisions\/3174"}],"wp:featuredmedia":[{"embeddable":true,"href":"https:\/\/armanbegoyan.com\/pl\/wp-json\/wp\/v2\/media\/1918"}],"wp:attachment":[{"href":"https:\/\/armanbegoyan.com\/pl\/wp-json\/wp\/v2\/media?parent=309"}],"curies":[{"name":"wp","href":"https:\/\/api.w.org\/{rel}","templated":true}]}}