{"id":26,"date":"2015-05-13T07:48:07","date_gmt":"2015-05-13T11:48:07","guid":{"rendered":"http:\/\/armanbegoyan.com\/?page_id=26"},"modified":"2025-05-23T08:38:22","modified_gmt":"2025-05-23T04:38:22","slug":"fees","status":"publish","type":"page","link":"https:\/\/armanbegoyan.com\/pl\/supervision\/fees\/","title":{"rendered":"Cennik"},"content":{"rendered":"<p>P\u0142atno\u015b\u0107 w wysoko\u015bci 35&#8217;000 AMD jest wymagana po zako\u0144czeniu ka\u017cdej 50 minutowej stacjonarnej lub online sesji superwizowskiej.<\/p>\n<p><span class=\"auto-style65\">Akceptuj\u0119 p\u0142atno\u015bci:<\/span><span class=\"auto-style65\">,<\/span><\/p>\n<ul>\n<li>w ka\u017cdem oddzia\u0142u dowolnego banku ormia\u0144skiego,<\/li>\n<li><span class=\"auto-style65\"><a href=\"https:\/\/secure.hilfmann.com\/\" target=\"_blank\" rel=\"noopener\">system p\u0142atno\u015bci online<\/a>\u00a0(pzrez\u00a0VISA i MasterCard cards),<\/span><\/li>\n<li><span class=\"auto-style65\">przelew bankowy (SWIFT),<\/span><\/li>\n<li><span class=\"auto-style65\">terminale\u00a0<a href=\"http:\/\/telcell.am\/\" target=\"_blank\" rel=\"noopener\">TelCell<\/a>\u00a0i\u00a0<a href=\"http:\/\/easypay.am\/\" target=\"_blank\" rel=\"noopener\">EasyPay<\/a>.<\/span><\/li>\n<\/ul>\n\r\n\t<div class=\"slideshow_container slideshow_container_style-light\" style=\"height: 600px; \" data-slideshow-id=\"2811\" data-style-name=\"style-light\" data-style-version=\"2.3.1\" >\r\n\r\n\t\t\t\t\t<div class=\"slideshow_loading_icon\"><\/div>\r\n\t\t\r\n\t\t<div class=\"slideshow_content\" style=\"display: none;\">\r\n\r\n\t\t\t<div class=\"slideshow_view\">\r\n\t\t\t\t<div class=\"slideshow_slide slideshow_slide_image\">\r\n\t\t\t\t\t\t\t\t\t\t\t<img src=\"https:\/\/armanbegoyan.com\/wp-content\/uploads\/2021\/11\/Hilfmann_Office_6.jpg\" alt=\"Hilfmann_Office_6\" width=\"4896\" height=\"3264\" \/>\r\n\t\t\t\t\t\t\t\t\t\t<div class=\"slideshow_description_box slideshow_transparent\">\r\n\t\t\t\t\t\t\t\t\t\t\t\t\t\t\t\t\t<\/div>\r\n\t\t\t\t<\/div>\r\n\r\n\t\t\t\t\t\t<div style=\"clear: both;\"><\/div><\/div><div class=\"slideshow_view\">\r\n\t\t\t\t<div class=\"slideshow_slide slideshow_slide_image\">\r\n\t\t\t\t\t\t\t\t\t\t\t<img src=\"https:\/\/armanbegoyan.com\/wp-content\/uploads\/2021\/11\/Hilfmann_Office_5.jpg\" alt=\"Hilfmann_Office_5\" width=\"4896\" height=\"3264\" \/>\r\n\t\t\t\t\t\t\t\t\t\t<div class=\"slideshow_description_box slideshow_transparent\">\r\n\t\t\t\t\t\t\t\t\t\t\t\t\t\t\t\t\t<\/div>\r\n\t\t\t\t<\/div>\r\n\r\n\t\t\t\t\t\t<div style=\"clear: both;\"><\/div><\/div><div class=\"slideshow_view\">\r\n\t\t\t\t<div class=\"slideshow_slide slideshow_slide_image\">\r\n\t\t\t\t\t\t\t\t\t\t\t<img src=\"https:\/\/armanbegoyan.com\/wp-content\/uploads\/2021\/11\/Hilfmann_Office_4.jpg\" alt=\"Hilfmann_Office_4\" width=\"4896\" height=\"3264\" \/>\r\n\t\t\t\t\t\t\t\t\t\t<div class=\"slideshow_description_box slideshow_transparent\">\r\n\t\t\t\t\t\t\t\t\t\t\t\t\t\t\t\t\t<\/div>\r\n\t\t\t\t<\/div>\r\n\r\n\t\t\t\t\t\t<div style=\"clear: both;\"><\/div><\/div><div class=\"slideshow_view\">\r\n\t\t\t\t<div class=\"slideshow_slide slideshow_slide_image\">\r\n\t\t\t\t\t\t\t\t\t\t\t<img src=\"https:\/\/armanbegoyan.com\/wp-content\/uploads\/2021\/11\/Hilfmann_Office_3.jpg\" alt=\"Hilfmann_Office_3\" width=\"4896\" height=\"3264\" \/>\r\n\t\t\t\t\t\t\t\t\t\t<div class=\"slideshow_description_box slideshow_transparent\">\r\n\t\t\t\t\t\t\t\t\t\t\t\t\t\t\t\t\t<\/div>\r\n\t\t\t\t<\/div>\r\n\r\n\t\t\t\t\t\t<div style=\"clear: both;\"><\/div><\/div><div class=\"slideshow_view\">\r\n\t\t\t\t<div class=\"slideshow_slide slideshow_slide_image\">\r\n\t\t\t\t\t\t\t\t\t\t\t<img src=\"https:\/\/armanbegoyan.com\/wp-content\/uploads\/2021\/11\/Hilfmann_Office_2.jpg\" alt=\"Hilfmann_Office_2\" width=\"4896\" height=\"3264\" \/>\r\n\t\t\t\t\t\t\t\t\t\t<div class=\"slideshow_description_box slideshow_transparent\">\r\n\t\t\t\t\t\t\t\t\t\t\t\t\t\t\t\t\t<\/div>\r\n\t\t\t\t<\/div>\r\n\r\n\t\t\t\t\t\t<div style=\"clear: both;\"><\/div><\/div><div class=\"slideshow_view\">\r\n\t\t\t\t<div class=\"slideshow_slide slideshow_slide_image\">\r\n\t\t\t\t\t\t\t\t\t\t\t<img src=\"https:\/\/armanbegoyan.com\/wp-content\/uploads\/2021\/11\/Hilfmann_Office_1.jpg\" alt=\"Hilfmann_Office_1\" width=\"4896\" height=\"3264\" \/>\r\n\t\t\t\t\t\t\t\t\t\t<div class=\"slideshow_description_box slideshow_transparent\">\r\n\t\t\t\t\t\t\t\t\t\t\t\t\t\t\t\t\t<\/div>\r\n\t\t\t\t<\/div>\r\n\r\n\t\t\t\t\t\t<div style=\"clear: both;\"><\/div><\/div>\r\n\t\t<\/div>\r\n\r\n\t\t<div class=\"slideshow_controlPanel slideshow_transparent\" style=\"display: none;\"><ul><li class=\"slideshow_togglePlay\" data-play-text=\"Play\" data-pause-text=\"Pause\"><\/li><\/ul><\/div>\r\n\r\n\t\t<div class=\"slideshow_button slideshow_previous slideshow_transparent\" role=\"button\" data-previous-text=\"Previous\" style=\"display: none;\"><\/div>\r\n\t\t<div class=\"slideshow_button slideshow_next slideshow_transparent\" role=\"button\" data-next-text=\"Next\" style=\"display: none;\"><\/div>\r\n\r\n\t\t<div class=\"slideshow_pagination\" style=\"display: none;\" data-go-to-text=\"Go to slide\"><div class=\"slideshow_pagination_center\"><\/div><\/div>\r\n\r\n\t\t<!-- WordPress Slideshow Version 2.3.1 -->\r\n\r\n\t\t\t<\/div>\r\n\r\n\n<blockquote><p>Akceptuj\u0119 i w mojej prac\u0119 profesjonalnej\u00a0kieruj\u0119 si\u0119 <a href=\"https:\/\/www.apa.org\/ethics\/code\/index.aspx?item=1\" target=\"_blank\" rel=\"noopener\">Zasadami etycznymi i kodeksu post\u0119powania psycholog\u00f3w<\/a>\u00a0<a href=\"https:\/\/apa.org\/\" target=\"_blank\" rel=\"noopener\">APA<\/a>,\u00a0<a href=\"http:\/\/www.psychoterapia-polska.org\/kodeks-etyczny-pfp\" target=\"_blank\" rel=\"noopener\">Kodeksem Etycznym<\/a>\u00a0<a href=\"http:\/\/www.psychoterapia-polska.org\/\" target=\"_blank\" rel=\"noopener\">PFP<\/a>,\u00a0oraz <a href=\"https:\/\/www.europsyche.org\/quality-standards\/eap-guidelines\/statement-of-ethical-principles\/\" target=\"_blank\" rel=\"noopener\">Deklaracj\u0105 o zasadach etycznych<\/a>\u00a0<a href=\"http:\/\/www.europsyche.org\/\" target=\"_blank\" rel=\"noopener\">EAP<\/a>.<\/p><\/blockquote>\n<p><\/p>","protected":false},"excerpt":{"rendered":"<p>P\u0142atno\u015b\u0107 w wysoko\u015bci 35&#8217;000 AMD jest wymagana po zako\u0144czeniu ka\u017cdej 50 minutowej stacjonarnej lub online sesji superwizowskiej. Akceptuj\u0119 p\u0142atno\u015bci:, w ka\u017cdem oddzia\u0142u dowolnego banku ormia\u0144skiego, system p\u0142atno\u015bci online\u00a0(pzrez\u00a0VISA i MasterCard cards), przelew bankowy (SWIFT), terminale\u00a0TelCell\u00a0i\u00a0EasyPay. Akceptuj\u0119 i w mojej prac\u0119<\/p>\n","protected":false},"author":2,"featured_media":2170,"parent":14,"menu_order":0,"comment_status":"closed","ping_status":"closed","template":"","meta":{"footnotes":""},"class_list":["post-26","page","type-page","status-publish","has-post-thumbnail","hentry"],"_links":{"self":[{"href":"https:\/\/armanbegoyan.com\/pl\/wp-json\/wp\/v2\/pages\/26","targetHints":{"allow":["GET"]}}],"collection":[{"href":"https:\/\/armanbegoyan.com\/pl\/wp-json\/wp\/v2\/pages"}],"about":[{"href":"https:\/\/armanbegoyan.com\/pl\/wp-json\/wp\/v2\/types\/page"}],"author":[{"embeddable":true,"href":"https:\/\/armanbegoyan.com\/pl\/wp-json\/wp\/v2\/users\/2"}],"replies":[{"embeddable":true,"href":"https:\/\/armanbegoyan.com\/pl\/wp-json\/wp\/v2\/comments?post=26"}],"version-history":[{"count":63,"href":"https:\/\/armanbegoyan.com\/pl\/wp-json\/wp\/v2\/pages\/26\/revisions"}],"predecessor-version":[{"id":3313,"href":"https:\/\/armanbegoyan.com\/pl\/wp-json\/wp\/v2\/pages\/26\/revisions\/3313"}],"up":[{"embeddable":true,"href":"https:\/\/armanbegoyan.com\/pl\/wp-json\/wp\/v2\/pages\/14"}],"wp:featuredmedia":[{"embeddable":true,"href":"https:\/\/armanbegoyan.com\/pl\/wp-json\/wp\/v2\/media\/2170"}],"wp:attachment":[{"href":"https:\/\/armanbegoyan.com\/pl\/wp-json\/wp\/v2\/media?parent=26"}],"curies":[{"name":"wp","href":"https:\/\/api.w.org\/{rel}","templated":true}]}}