{"id":2511,"date":"2020-07-19T20:56:42","date_gmt":"2020-07-19T16:56:42","guid":{"rendered":"https:\/\/armanbegoyan.com\/?page_id=2511"},"modified":"2020-07-19T21:33:09","modified_gmt":"2020-07-19T17:33:09","slug":"cbt_for_anxiety_disorders","status":"publish","type":"page","link":"https:\/\/armanbegoyan.com\/pl\/cbt_for_anxiety_disorders\/","title":{"rendered":"PBT Dla Zaburze\u0144 L\u0119kowych"},"content":{"rendered":"<p>Strona jest dost\u0119pna tylko w j\u0119zyku\u00a0<a href=\"https:\/\/armanbegoyan.com\/hy\/cbt_for_anxiety_disorders\/\">Ormia\u0144skim<\/a>.<\/p>","protected":false},"excerpt":{"rendered":"<p>Strona jest dost\u0119pna tylko w j\u0119zyku\u00a0Ormia\u0144skim.<\/p>\n","protected":false},"author":2,"featured_media":2526,"parent":0,"menu_order":0,"comment_status":"closed","ping_status":"closed","template":"","meta":{"footnotes":""},"class_list":["post-2511","page","type-page","status-publish","has-post-thumbnail","hentry"],"_links":{"self":[{"href":"https:\/\/armanbegoyan.com\/pl\/wp-json\/wp\/v2\/pages\/2511","targetHints":{"allow":["GET"]}}],"collection":[{"href":"https:\/\/armanbegoyan.com\/pl\/wp-json\/wp\/v2\/pages"}],"about":[{"href":"https:\/\/armanbegoyan.com\/pl\/wp-json\/wp\/v2\/types\/page"}],"author":[{"embeddable":true,"href":"https:\/\/armanbegoyan.com\/pl\/wp-json\/wp\/v2\/users\/2"}],"replies":[{"embeddable":true,"href":"https:\/\/armanbegoyan.com\/pl\/wp-json\/wp\/v2\/comments?post=2511"}],"version-history":[{"count":9,"href":"https:\/\/armanbegoyan.com\/pl\/wp-json\/wp\/v2\/pages\/2511\/revisions"}],"predecessor-version":[{"id":2524,"href":"https:\/\/armanbegoyan.com\/pl\/wp-json\/wp\/v2\/pages\/2511\/revisions\/2524"}],"wp:featuredmedia":[{"embeddable":true,"href":"https:\/\/armanbegoyan.com\/pl\/wp-json\/wp\/v2\/media\/2526"}],"wp:attachment":[{"href":"https:\/\/armanbegoyan.com\/pl\/wp-json\/wp\/v2\/media?parent=2511"}],"curies":[{"name":"wp","href":"https:\/\/api.w.org\/{rel}","templated":true}]}}