{"id":14,"date":"2015-05-13T07:44:55","date_gmt":"2015-05-13T11:44:55","guid":{"rendered":"http:\/\/armanbegoyan.com\/?page_id=14"},"modified":"2024-09-18T16:32:23","modified_gmt":"2024-09-18T12:32:23","slug":"supervision","status":"publish","type":"page","link":"https:\/\/armanbegoyan.com\/pl\/supervision\/","title":{"rendered":"SUPERWIZJA"},"content":{"rendered":"<p>Oferuj\u0119 superwizj\u0119\u00a0<a href=\"http:\/\/armanbegoyan.com\/therapy\/face-to-face-therapy\/\">stacjonarn\u0119<\/a>\u00a0i\u00a0<a href=\"http:\/\/armanbegoyan.com\/therapy\/online-therapy\/\">online<\/a>\u00a0(przez Skype, Viber, WhatsApp, czyli inne) dla\u00a0specjalist\u00f3w zajmuj\u0105cych si\u0119 zdrowiem psychicznym (psycholog\u00f3w, psychoterapeut\u00f3w, psychiatr\u00f3w i innych specjalist\u00f3w).<\/p>\n<p>Oferuj\u0119\u00a0superwizj\u0119 w j\u0119zyku Ormia\u0144skim, Angielskim, Polskim i Rosyjskim.<\/p>\n<p>W\u00a0przypadku pyta\u0144 lub\u00a0dla um\u00f3wienia wizyty prosz\u0119\u00a0<a href=\"https:\/\/armanbegoyan.com\/contact\/\" target=\"_blank\" rel=\"noopener\">napisa\u0107<\/a>\u00a0albo\u00a0<a href=\"https:\/\/armanbegoyan.com\/contact\/\" target=\"_blank\" rel=\"noopener\">zadzwo\u0144i\u0107<\/a>\u00a0do mnie. Jak r\u00f3wnie\u017c mo\u017cna\u00a0skorzysta\u0107 z elektronicznego formularza rejestracji poni\u017cej.<\/p>\n<h4>Specjalizacje superwizji obejmuj\u0105:<\/h4>\n<ul>\n<li>L\u0119k i zaburzenia l\u0119kowe;<\/li>\n<li>Zaburzenia obsesyjno-kompulsyjne;<\/li>\n<li>Zarz\u0105dzanie gniewem;<\/li>\n<li>Patologiczny hazard;<\/li>\n<li>Problemy w zwi\u0105zku.<\/li>\n<\/ul>\n<h4>Modalno\u015bci:<\/h4>\n<ul>\n<li><a href=\"https:\/\/beckinstitute.org\/get-informed\/what-is-cognitive-therapy\/\" target=\"_blank\" rel=\"noopener\">Cognitive Behavioural Therapy<\/a><\/li>\n<\/ul>\n\r\n\t<div class=\"slideshow_container slideshow_container_style-light\" style=\"height: 600px; \" data-slideshow-id=\"2811\" data-style-name=\"style-light\" data-style-version=\"2.3.1\" >\r\n\r\n\t\t\t\t\t<div class=\"slideshow_loading_icon\"><\/div>\r\n\t\t\r\n\t\t<div class=\"slideshow_content\" style=\"display: none;\">\r\n\r\n\t\t\t<div class=\"slideshow_view\">\r\n\t\t\t\t<div class=\"slideshow_slide slideshow_slide_image\">\r\n\t\t\t\t\t\t\t\t\t\t\t<img src=\"https:\/\/armanbegoyan.com\/wp-content\/uploads\/2021\/11\/Hilfmann_Office_6.jpg\" alt=\"Hilfmann_Office_6\" width=\"4896\" height=\"3264\" \/>\r\n\t\t\t\t\t\t\t\t\t\t<div class=\"slideshow_description_box slideshow_transparent\">\r\n\t\t\t\t\t\t\t\t\t\t\t\t\t\t\t\t\t<\/div>\r\n\t\t\t\t<\/div>\r\n\r\n\t\t\t\t\t\t<div style=\"clear: both;\"><\/div><\/div><div class=\"slideshow_view\">\r\n\t\t\t\t<div class=\"slideshow_slide slideshow_slide_image\">\r\n\t\t\t\t\t\t\t\t\t\t\t<img src=\"https:\/\/armanbegoyan.com\/wp-content\/uploads\/2021\/11\/Hilfmann_Office_5.jpg\" alt=\"Hilfmann_Office_5\" width=\"4896\" height=\"3264\" \/>\r\n\t\t\t\t\t\t\t\t\t\t<div class=\"slideshow_description_box slideshow_transparent\">\r\n\t\t\t\t\t\t\t\t\t\t\t\t\t\t\t\t\t<\/div>\r\n\t\t\t\t<\/div>\r\n\r\n\t\t\t\t\t\t<div style=\"clear: both;\"><\/div><\/div><div class=\"slideshow_view\">\r\n\t\t\t\t<div class=\"slideshow_slide slideshow_slide_image\">\r\n\t\t\t\t\t\t\t\t\t\t\t<img src=\"https:\/\/armanbegoyan.com\/wp-content\/uploads\/2021\/11\/Hilfmann_Office_4.jpg\" alt=\"Hilfmann_Office_4\" width=\"4896\" height=\"3264\" \/>\r\n\t\t\t\t\t\t\t\t\t\t<div class=\"slideshow_description_box slideshow_transparent\">\r\n\t\t\t\t\t\t\t\t\t\t\t\t\t\t\t\t\t<\/div>\r\n\t\t\t\t<\/div>\r\n\r\n\t\t\t\t\t\t<div style=\"clear: both;\"><\/div><\/div><div class=\"slideshow_view\">\r\n\t\t\t\t<div class=\"slideshow_slide slideshow_slide_image\">\r\n\t\t\t\t\t\t\t\t\t\t\t<img src=\"https:\/\/armanbegoyan.com\/wp-content\/uploads\/2021\/11\/Hilfmann_Office_3.jpg\" alt=\"Hilfmann_Office_3\" width=\"4896\" height=\"3264\" \/>\r\n\t\t\t\t\t\t\t\t\t\t<div class=\"slideshow_description_box slideshow_transparent\">\r\n\t\t\t\t\t\t\t\t\t\t\t\t\t\t\t\t\t<\/div>\r\n\t\t\t\t<\/div>\r\n\r\n\t\t\t\t\t\t<div style=\"clear: both;\"><\/div><\/div><div class=\"slideshow_view\">\r\n\t\t\t\t<div class=\"slideshow_slide slideshow_slide_image\">\r\n\t\t\t\t\t\t\t\t\t\t\t<img src=\"https:\/\/armanbegoyan.com\/wp-content\/uploads\/2021\/11\/Hilfmann_Office_2.jpg\" alt=\"Hilfmann_Office_2\" width=\"4896\" height=\"3264\" \/>\r\n\t\t\t\t\t\t\t\t\t\t<div class=\"slideshow_description_box slideshow_transparent\">\r\n\t\t\t\t\t\t\t\t\t\t\t\t\t\t\t\t\t<\/div>\r\n\t\t\t\t<\/div>\r\n\r\n\t\t\t\t\t\t<div style=\"clear: both;\"><\/div><\/div><div class=\"slideshow_view\">\r\n\t\t\t\t<div class=\"slideshow_slide slideshow_slide_image\">\r\n\t\t\t\t\t\t\t\t\t\t\t<img src=\"https:\/\/armanbegoyan.com\/wp-content\/uploads\/2021\/11\/Hilfmann_Office_1.jpg\" alt=\"Hilfmann_Office_1\" width=\"4896\" height=\"3264\" \/>\r\n\t\t\t\t\t\t\t\t\t\t<div class=\"slideshow_description_box slideshow_transparent\">\r\n\t\t\t\t\t\t\t\t\t\t\t\t\t\t\t\t\t<\/div>\r\n\t\t\t\t<\/div>\r\n\r\n\t\t\t\t\t\t<div style=\"clear: both;\"><\/div><\/div>\r\n\t\t<\/div>\r\n\r\n\t\t<div class=\"slideshow_controlPanel slideshow_transparent\" style=\"display: none;\"><ul><li class=\"slideshow_togglePlay\" data-play-text=\"Play\" data-pause-text=\"Pause\"><\/li><\/ul><\/div>\r\n\r\n\t\t<div class=\"slideshow_button slideshow_previous slideshow_transparent\" role=\"button\" data-previous-text=\"Previous\" style=\"display: none;\"><\/div>\r\n\t\t<div class=\"slideshow_button slideshow_next slideshow_transparent\" role=\"button\" data-next-text=\"Next\" style=\"display: none;\"><\/div>\r\n\r\n\t\t<div class=\"slideshow_pagination\" style=\"display: none;\" data-go-to-text=\"Go to slide\"><div class=\"slideshow_pagination_center\"><\/div><\/div>\r\n\r\n\t\t<!-- WordPress Slideshow Version 2.3.1 -->\r\n\r\n\t\t\t<\/div>\r\n\r\n\n<blockquote><p>Akceptuj\u0119 i w mojej prac\u0119\u00a0profesjonalnej\u00a0kieruj\u0119 si\u0119\u00a0<a href=\"http:\/\/www.apa.org\/ethics\/code\/index.aspx?item=1\" target=\"_blank\" rel=\"noopener\">Zasadami etycznymi i kodeksu post\u0119powania psycholog\u00f3w<\/a>\u00a0<a href=\"http:\/\/apa.org\/\" target=\"_blank\" rel=\"noopener\">APA<\/a>,\u00a0<a href=\"http:\/\/www.psychoterapia-polska.org\/kodeks-etyczny-pfp\" target=\"_blank\" rel=\"noopener\">Kodeksem Etycznym<\/a>\u00a0<a href=\"http:\/\/www.psychoterapia-polska.org\/\" target=\"_blank\" rel=\"noopener\">PFP<\/a>,\u00a0oraz\u00a0<a href=\"https:\/\/www.europsyche.org\/quality-standards\/eap-guidelines\/statement-of-ethical-principles\/\" target=\"_blank\" rel=\"noopener\">Deklaracj\u0105 o zasadach etycznych<\/a>\u00a0\u00a0<a href=\"http:\/\/www.europsyche.org\/\" target=\"_blank\" rel=\"noopener\">EAP<\/a>.<\/p><\/blockquote>\n<h4><a href=\"https:\/\/wa.me\/37455550911\" target=\"_blank\" rel=\"noopener\">Zarejestruj si\u0119 na spotkanie<\/a><\/h4>\n<p><\/p>","protected":false},"excerpt":{"rendered":"<p>Oferuj\u0119 superwizj\u0119\u00a0stacjonarn\u0119\u00a0i\u00a0online\u00a0(przez Skype, Viber, WhatsApp, czyli inne) dla\u00a0specjalist\u00f3w zajmuj\u0105cych si\u0119 zdrowiem psychicznym (psycholog\u00f3w, psychoterapeut\u00f3w, psychiatr\u00f3w i innych specjalist\u00f3w). Oferuj\u0119\u00a0superwizj\u0119 w j\u0119zyku Ormia\u0144skim, Angielskim, Polskim i Rosyjskim. W\u00a0przypadku pyta\u0144 lub\u00a0dla um\u00f3wienia wizyty prosz\u0119\u00a0napisa\u0107\u00a0albo\u00a0zadzwo\u0144i\u0107\u00a0do mnie. Jak r\u00f3wnie\u017c mo\u017cna\u00a0skorzysta\u0107 z elektronicznego formularza rejestracji<\/p>\n","protected":false},"author":2,"featured_media":2172,"parent":0,"menu_order":0,"comment_status":"closed","ping_status":"closed","template":"","meta":{"footnotes":""},"class_list":["post-14","page","type-page","status-publish","has-post-thumbnail","hentry"],"_links":{"self":[{"href":"https:\/\/armanbegoyan.com\/pl\/wp-json\/wp\/v2\/pages\/14","targetHints":{"allow":["GET"]}}],"collection":[{"href":"https:\/\/armanbegoyan.com\/pl\/wp-json\/wp\/v2\/pages"}],"about":[{"href":"https:\/\/armanbegoyan.com\/pl\/wp-json\/wp\/v2\/types\/page"}],"author":[{"embeddable":true,"href":"https:\/\/armanbegoyan.com\/pl\/wp-json\/wp\/v2\/users\/2"}],"replies":[{"embeddable":true,"href":"https:\/\/armanbegoyan.com\/pl\/wp-json\/wp\/v2\/comments?post=14"}],"version-history":[{"count":43,"href":"https:\/\/armanbegoyan.com\/pl\/wp-json\/wp\/v2\/pages\/14\/revisions"}],"predecessor-version":[{"id":3172,"href":"https:\/\/armanbegoyan.com\/pl\/wp-json\/wp\/v2\/pages\/14\/revisions\/3172"}],"wp:featuredmedia":[{"embeddable":true,"href":"https:\/\/armanbegoyan.com\/pl\/wp-json\/wp\/v2\/media\/2172"}],"wp:attachment":[{"href":"https:\/\/armanbegoyan.com\/pl\/wp-json\/wp\/v2\/media?parent=14"}],"curies":[{"name":"wp","href":"https:\/\/api.w.org\/{rel}","templated":true}]}}