{"id":1053,"date":"2016-05-17T19:21:07","date_gmt":"2016-05-17T15:21:07","guid":{"rendered":"http:\/\/armanbegoyan.com\/?page_id=1053"},"modified":"2024-09-18T23:38:02","modified_gmt":"2024-09-18T19:38:02","slug":"therapeutic-resources","status":"publish","type":"page","link":"https:\/\/armanbegoyan.com\/pl\/library\/therapeutic-resources\/","title":{"rendered":"Zasoby terapeutyczne"},"content":{"rendered":"<p>Tutaj znajdziesz r\u00f3\u017cne materia\u0142y na temat podstaw sytuacyjnych lub radzenia sobie z niekt\u00f3rymi problemami psychologicznymi. Pami\u0119taj, \u017ce do kwalifikowanego leczenia nadal konieczna jest wizyta u psychologa lub psychoterapeuty.<\/p>","protected":false},"excerpt":{"rendered":"<p>Tutaj znajdziesz r\u00f3\u017cne materia\u0142y na temat podstaw sytuacyjnych lub radzenia sobie z niekt\u00f3rymi problemami psychologicznymi. Pami\u0119taj, \u017ce do kwalifikowanego leczenia nadal konieczna jest wizyta u psychologa lub psychoterapeuty.<\/p>\n","protected":false},"author":2,"featured_media":1621,"parent":648,"menu_order":0,"comment_status":"closed","ping_status":"closed","template":"","meta":{"footnotes":""},"class_list":["post-1053","page","type-page","status-publish","has-post-thumbnail","hentry"],"_links":{"self":[{"href":"https:\/\/armanbegoyan.com\/pl\/wp-json\/wp\/v2\/pages\/1053","targetHints":{"allow":["GET"]}}],"collection":[{"href":"https:\/\/armanbegoyan.com\/pl\/wp-json\/wp\/v2\/pages"}],"about":[{"href":"https:\/\/armanbegoyan.com\/pl\/wp-json\/wp\/v2\/types\/page"}],"author":[{"embeddable":true,"href":"https:\/\/armanbegoyan.com\/pl\/wp-json\/wp\/v2\/users\/2"}],"replies":[{"embeddable":true,"href":"https:\/\/armanbegoyan.com\/pl\/wp-json\/wp\/v2\/comments?post=1053"}],"version-history":[{"count":15,"href":"https:\/\/armanbegoyan.com\/pl\/wp-json\/wp\/v2\/pages\/1053\/revisions"}],"predecessor-version":[{"id":3200,"href":"https:\/\/armanbegoyan.com\/pl\/wp-json\/wp\/v2\/pages\/1053\/revisions\/3200"}],"up":[{"embeddable":true,"href":"https:\/\/armanbegoyan.com\/pl\/wp-json\/wp\/v2\/pages\/648"}],"wp:featuredmedia":[{"embeddable":true,"href":"https:\/\/armanbegoyan.com\/pl\/wp-json\/wp\/v2\/media\/1621"}],"wp:attachment":[{"href":"https:\/\/armanbegoyan.com\/pl\/wp-json\/wp\/v2\/media?parent=1053"}],"curies":[{"name":"wp","href":"https:\/\/api.w.org\/{rel}","templated":true}]}}